{"id":2562,"date":"2021-04-01T03:08:06","date_gmt":"2021-04-01T03:08:06","guid":{"rendered":"http:\/\/armoniemall.com\/?post_type=product&#038;p=2562"},"modified":"2024-12-04T00:41:19","modified_gmt":"2024-12-04T00:41:19","slug":"sport-shorts","status":"publish","type":"product","link":"https:\/\/analuciabermudez.com\/colombia\/product\/sport-shorts\/","title":{"rendered":"Sport Shorts"},"content":{"rendered":"<p><strong>Tienes dudas sobre tu talla o deseas personalizar tu prenda?<\/strong><br \/>\nNo dudes en contactarnos v\u00eda <strong>WhatsApp al +573113767334<\/strong> y con gusto te ayudaremos.<\/p>\n<p>&nbsp;<\/p>\n<p>Gracias por elegirnos. Cada uno de nuestros productos est\u00e1 creado con <strong>amor<\/strong> y <strong>dedicaci\u00f3n<\/strong>. Ten en cuenta que, debido a nuestra producci\u00f3n bajo demanda, el tiempo estimado de entrega es de <strong>5 a 8 d\u00edas h\u00e1biles<\/strong>. \u00a1Apreciamos tu paciencia!<\/p>\n","protected":false},"excerpt":{"rendered":"<p>Ana Luc\u00eda Berm\u00fadez<\/p>\n<p>Sportswear<\/p>\n<p>Composici\u00f3n 81%Poliester 19%LYC<\/p>\n<p>Colecci\u00f3n TARAPOTO FW21<\/p>\n<p><strong>Tienes dudas sobre tu talla o deseas personalizar tu prenda?<\/strong><br \/>\nNo dudes en contactarnos v\u00eda <strong>WhatsApp al +573113767334<\/strong> y con gusto te ayudaremos.<\/p>\n<p>Gracias por elegirnos. Cada uno de nuestros productos est\u00e1 creado con <strong>amor<\/strong> y <strong>dedicaci\u00f3n<\/strong>. Ten en cuenta que, debido a nuestra producci\u00f3n bajo demanda, el tiempo estimado de entrega es de <strong>5 a 8 d\u00edas h\u00e1biles<\/strong>. \u00a1Apreciamos tu paciencia!<\/p>\n","protected":false},"featured_media":2200,"comment_status":"open","ping_status":"closed","template":"","meta":[],"product_cat":[21,17,60,55],"product_tag":[],"class_list":{"0":"post-2562","1":"product","2":"type-product","3":"status-publish","4":"has-post-thumbnail","6":"product_cat-ana-lucia-bermudez","7":"product_cat-prendas","8":"product_cat-shorts","9":"product_cat-sportswear","11":"first","12":"instock","13":"shipping-taxable","14":"purchasable","15":"product-type-variable"},"_links":{"self":[{"href":"https:\/\/analuciabermudez.com\/colombia\/wp-json\/wp\/v2\/product\/2562"}],"collection":[{"href":"https:\/\/analuciabermudez.com\/colombia\/wp-json\/wp\/v2\/product"}],"about":[{"href":"https:\/\/analuciabermudez.com\/colombia\/wp-json\/wp\/v2\/types\/product"}],"replies":[{"embeddable":true,"href":"https:\/\/analuciabermudez.com\/colombia\/wp-json\/wp\/v2\/comments?post=2562"}],"wp:featuredmedia":[{"embeddable":true,"href":"https:\/\/analuciabermudez.com\/colombia\/wp-json\/wp\/v2\/media\/2200"}],"wp:attachment":[{"href":"https:\/\/analuciabermudez.com\/colombia\/wp-json\/wp\/v2\/media?parent=2562"}],"wp:term":[{"taxonomy":"product_cat","embeddable":true,"href":"https:\/\/analuciabermudez.com\/colombia\/wp-json\/wp\/v2\/product_cat?post=2562"},{"taxonomy":"product_tag","embeddable":true,"href":"https:\/\/analuciabermudez.com\/colombia\/wp-json\/wp\/v2\/product_tag?post=2562"}],"curies":[{"name":"wp","href":"https:\/\/api.w.org\/{rel}","templated":true}]}}