{"id":2715,"date":"2021-04-02T00:08:27","date_gmt":"2021-04-02T00:08:27","guid":{"rendered":"http:\/\/armoniemall.com\/?post_type=product&#038;p=2715"},"modified":"2024-12-04T00:41:19","modified_gmt":"2024-12-04T00:41:19","slug":"dolphin-shoes-2","status":"publish","type":"product","link":"https:\/\/analuciabermudez.com\/colombia\/product\/dolphin-shoes-2\/","title":{"rendered":"DOLPHIN SHOES"},"content":{"rendered":"<p>Tarapoto\u00a0shoes, Pumps con tac\u00f3n delgado creados en colaboraci\u00f3n con la dise\u00f1adora Ana Luc\u00eda Berm\u00fadez, con prints inspirados en la riqueza natural y cultural de la Amazon\u00eda Colombiana.<\/p>\n<p><em><strong>Hecho a mano con t\u00e9cnicas tradicionales en Cali-Colombia.<\/strong><\/em><\/p>\n","protected":false},"excerpt":{"rendered":"<ul>\n<li>Altura de tacon 5,5 cm<\/li>\n<li>Completamente forrados<\/li>\n<li>Tacon ancho redondo<\/li>\n<li>Herraje con enchape en oro de 24 KT<\/li>\n<\/ul>\n<p><em><strong>PRE-ORDER<\/strong><\/em><\/p>\n<p>Este art\u00edculo est\u00e1 disponible para pre-order. Es elaborado manualmente por artesanos Colombianos, su producci\u00f3n comienza una vez se realiza la compra y se entrega en un plazo entre 8-12 d\u00edas.<\/p>\n<p>Si tienes dudas con tu talla puedes escribirnos por Whatsapp al +573113767334<\/p>\n","protected":false},"featured_media":3174,"comment_status":"open","ping_status":"closed","template":"","meta":[],"product_cat":[21,35,37],"product_tag":[],"class_list":{"0":"post-2715","1":"product","2":"type-product","3":"status-publish","4":"has-post-thumbnail","6":"product_cat-ana-lucia-bermudez","7":"product_cat-bibiana-hernandez","8":"product_cat-zapatos","10":"first","11":"instock","12":"shipping-taxable","13":"purchasable","14":"product-type-variable"},"_links":{"self":[{"href":"https:\/\/analuciabermudez.com\/colombia\/wp-json\/wp\/v2\/product\/2715"}],"collection":[{"href":"https:\/\/analuciabermudez.com\/colombia\/wp-json\/wp\/v2\/product"}],"about":[{"href":"https:\/\/analuciabermudez.com\/colombia\/wp-json\/wp\/v2\/types\/product"}],"replies":[{"embeddable":true,"href":"https:\/\/analuciabermudez.com\/colombia\/wp-json\/wp\/v2\/comments?post=2715"}],"wp:featuredmedia":[{"embeddable":true,"href":"https:\/\/analuciabermudez.com\/colombia\/wp-json\/wp\/v2\/media\/3174"}],"wp:attachment":[{"href":"https:\/\/analuciabermudez.com\/colombia\/wp-json\/wp\/v2\/media?parent=2715"}],"wp:term":[{"taxonomy":"product_cat","embeddable":true,"href":"https:\/\/analuciabermudez.com\/colombia\/wp-json\/wp\/v2\/product_cat?post=2715"},{"taxonomy":"product_tag","embeddable":true,"href":"https:\/\/analuciabermudez.com\/colombia\/wp-json\/wp\/v2\/product_tag?post=2715"}],"curies":[{"name":"wp","href":"https:\/\/api.w.org\/{rel}","templated":true}]}}