{"id":3750,"date":"2023-06-26T00:09:19","date_gmt":"2023-06-26T00:09:19","guid":{"rendered":"https:\/\/analuciabermudez.com\/colombia\/?post_type=product&#038;p=3750"},"modified":"2024-12-04T00:41:18","modified_gmt":"2024-12-04T00:41:18","slug":"alb-black-pleated-skirt","status":"publish","type":"product","link":"https:\/\/analuciabermudez.com\/colombia\/product\/alb-black-pleated-skirt\/","title":{"rendered":"ALB BLACK PLEATED SKIRT"},"content":{"rendered":"<p>Tiempo de entrega de 3 a 5 d\u00edas h\u00e1biles<\/p>\n","protected":false},"excerpt":{"rendered":"<p>esta sofisticada pieza a\u00f1ade opulencia a cualquier conjunto. Debido a su dise\u00f1o vers\u00e1til, es f\u00e1cil de combinar con tops y abrigos de la colecci\u00f3n, brindando infinitas oportunidades para mezclar y combinar materiales y crear conjuntos \u00fanicos.<\/p>\n<p>Tama\u00f1o y ajuste:<\/p>\n<p>Dise\u00f1ado para un ajuste delgado. Fiel al tama\u00f1o, consulte nuestra tabla de tallas como referencia.<\/p>\n<p>ALB<\/p>\n<p>COMPOSICI\u00d3N 100% POLIESTER<\/p>\n<p>COLECCI\u00d3N COLOR THERAPY<\/p>\n<p>Totalmente forrado<\/p>\n<p>Silueta justada<\/p>\n<p>Detalle con plisados<\/p>\n<p>Si tienes dudas con tu talla o quieres hacer la prenda a tu medida puedes escribirnos por Whatsapp al +573113767334<\/p>\n<p>Tiempo de entrega de 3 a 5 d\u00edas h\u00e1biles<\/p>\n","protected":false},"featured_media":3727,"comment_status":"open","ping_status":"closed","template":"","meta":[],"product_cat":[21,29,17],"product_tag":[],"class_list":{"0":"post-3750","1":"product","2":"type-product","3":"status-publish","4":"has-post-thumbnail","6":"product_cat-ana-lucia-bermudez","7":"product_cat-faldas","8":"product_cat-prendas","10":"first","11":"instock","12":"shipping-taxable","13":"purchasable","14":"product-type-variable"},"_links":{"self":[{"href":"https:\/\/analuciabermudez.com\/colombia\/wp-json\/wp\/v2\/product\/3750"}],"collection":[{"href":"https:\/\/analuciabermudez.com\/colombia\/wp-json\/wp\/v2\/product"}],"about":[{"href":"https:\/\/analuciabermudez.com\/colombia\/wp-json\/wp\/v2\/types\/product"}],"replies":[{"embeddable":true,"href":"https:\/\/analuciabermudez.com\/colombia\/wp-json\/wp\/v2\/comments?post=3750"}],"wp:featuredmedia":[{"embeddable":true,"href":"https:\/\/analuciabermudez.com\/colombia\/wp-json\/wp\/v2\/media\/3727"}],"wp:attachment":[{"href":"https:\/\/analuciabermudez.com\/colombia\/wp-json\/wp\/v2\/media?parent=3750"}],"wp:term":[{"taxonomy":"product_cat","embeddable":true,"href":"https:\/\/analuciabermudez.com\/colombia\/wp-json\/wp\/v2\/product_cat?post=3750"},{"taxonomy":"product_tag","embeddable":true,"href":"https:\/\/analuciabermudez.com\/colombia\/wp-json\/wp\/v2\/product_tag?post=3750"}],"curies":[{"name":"wp","href":"https:\/\/api.w.org\/{rel}","templated":true}]}}