{"id":3774,"date":"2023-06-26T00:31:44","date_gmt":"2023-06-26T00:31:44","guid":{"rendered":"https:\/\/analuciabermudez.com\/colombia\/?post_type=product&#038;p=3774"},"modified":"2025-03-30T14:39:59","modified_gmt":"2025-03-30T14:39:59","slug":"denim-belt-top-alb","status":"publish","type":"product","link":"https:\/\/analuciabermudez.com\/colombia\/product\/denim-belt-top-alb\/","title":{"rendered":"DENIM BELT TOP ALB"},"content":{"rendered":"<p>\u00abGracias por elegirnos. Nuestros productos son creados con amor y dedicaci\u00f3n. Debido a nuestra producci\u00f3n bajo demanda, el tiempo de entrega es de 5-8 d\u00edas h\u00e1biles. Tu paciencia es apreciada.\u00bb<\/p>\n","protected":false},"excerpt":{"rendered":"<p>ALB<\/p>\n<p>COMPOSICI\u00d3N 100% Algodon<\/p>\n<p>COLECCI\u00d3N COLOR THERAPY<\/p>\n<p>Detalle hebilla ba\u00f1o en oro<\/p>\n<p>Totalmente forrado<\/p>\n<p>Si tienes dudas con tu talla o quieres hacer la prenda a tu medida puedes escribirnos por Whatsapp al +573113767334<\/p>\n<p>\u00abGracias por elegirnos. Nuestros productos son creados con amor y dedicaci\u00f3n. Debido a nuestra producci\u00f3n bajo demanda, el tiempo de entrega es de 5-8 d\u00edas h\u00e1biles. Tu paciencia es apreciada.\u00bb<\/p>\n","protected":false},"featured_media":4514,"comment_status":"open","ping_status":"closed","template":"","meta":[],"product_cat":[21,34,41,17,18],"product_tag":[],"class_list":{"0":"post-3774","1":"product","2":"type-product","3":"status-publish","4":"has-post-thumbnail","6":"product_cat-ana-lucia-bermudez","7":"product_cat-correas","8":"product_cat-denim","9":"product_cat-prendas","10":"product_cat-tops","12":"first","13":"instock","14":"shipping-taxable","15":"purchasable","16":"product-type-variable"},"_links":{"self":[{"href":"https:\/\/analuciabermudez.com\/colombia\/wp-json\/wp\/v2\/product\/3774"}],"collection":[{"href":"https:\/\/analuciabermudez.com\/colombia\/wp-json\/wp\/v2\/product"}],"about":[{"href":"https:\/\/analuciabermudez.com\/colombia\/wp-json\/wp\/v2\/types\/product"}],"replies":[{"embeddable":true,"href":"https:\/\/analuciabermudez.com\/colombia\/wp-json\/wp\/v2\/comments?post=3774"}],"wp:featuredmedia":[{"embeddable":true,"href":"https:\/\/analuciabermudez.com\/colombia\/wp-json\/wp\/v2\/media\/4514"}],"wp:attachment":[{"href":"https:\/\/analuciabermudez.com\/colombia\/wp-json\/wp\/v2\/media?parent=3774"}],"wp:term":[{"taxonomy":"product_cat","embeddable":true,"href":"https:\/\/analuciabermudez.com\/colombia\/wp-json\/wp\/v2\/product_cat?post=3774"},{"taxonomy":"product_tag","embeddable":true,"href":"https:\/\/analuciabermudez.com\/colombia\/wp-json\/wp\/v2\/product_tag?post=3774"}],"curies":[{"name":"wp","href":"https:\/\/api.w.org\/{rel}","templated":true}]}}