{"id":3790,"date":"2023-06-26T00:43:09","date_gmt":"2023-06-26T00:43:09","guid":{"rendered":"https:\/\/analuciabermudez.com\/colombia\/?post_type=product&#038;p=3790"},"modified":"2024-11-12T15:57:48","modified_gmt":"2024-11-12T15:57:48","slug":"denim-pants-alb","status":"publish","type":"product","link":"https:\/\/analuciabermudez.com\/colombia\/product\/denim-pants-alb\/","title":{"rendered":"DENIM PANTS ALB"},"content":{"rendered":"<p>\u00abGracias por elegirnos. Nuestros productos son creados con amor y dedicaci\u00f3n. Debido a nuestra producci\u00f3n bajo demanda, el tiempo de entrega es de 10-12 d\u00edas h\u00e1biles. Tu paciencia es apreciada.\u00bb<\/p>\n","protected":false},"excerpt":{"rendered":"<p>ALB<\/p>\n<p>COMPOSICI\u00d3N 100% Algodon<\/p>\n<p>COLECCI\u00d3N COLOR THERAPY<\/p>\n<p>Si tienes dudas con tu talla o quieres hacer la prenda a tu medida puedes escribirnos por Whatsapp al +573113767334<\/p>\n<p>\u00abGracias por elegirnos. Nuestros productos son creados con amor y dedicaci\u00f3n. Debido a nuestra producci\u00f3n bajo demanda, el tiempo de entrega es de 10-12 d\u00edas h\u00e1biles. Tu paciencia es apreciada.\u00bb<\/p>\n<p>&nbsp;<\/p>\n","protected":false},"featured_media":2180,"comment_status":"open","ping_status":"closed","template":"","meta":[],"product_cat":[21,41,39,20,17],"product_tag":[],"class_list":{"0":"post-3790","1":"product","2":"type-product","3":"status-publish","4":"has-post-thumbnail","6":"product_cat-ana-lucia-bermudez","7":"product_cat-denim","8":"product_cat-jeans","9":"product_cat-pantalones","10":"product_cat-prendas","12":"first","13":"instock","14":"shipping-taxable","15":"purchasable","16":"product-type-variable"},"_links":{"self":[{"href":"https:\/\/analuciabermudez.com\/colombia\/wp-json\/wp\/v2\/product\/3790"}],"collection":[{"href":"https:\/\/analuciabermudez.com\/colombia\/wp-json\/wp\/v2\/product"}],"about":[{"href":"https:\/\/analuciabermudez.com\/colombia\/wp-json\/wp\/v2\/types\/product"}],"replies":[{"embeddable":true,"href":"https:\/\/analuciabermudez.com\/colombia\/wp-json\/wp\/v2\/comments?post=3790"}],"wp:featuredmedia":[{"embeddable":true,"href":"https:\/\/analuciabermudez.com\/colombia\/wp-json\/wp\/v2\/media\/2180"}],"wp:attachment":[{"href":"https:\/\/analuciabermudez.com\/colombia\/wp-json\/wp\/v2\/media?parent=3790"}],"wp:term":[{"taxonomy":"product_cat","embeddable":true,"href":"https:\/\/analuciabermudez.com\/colombia\/wp-json\/wp\/v2\/product_cat?post=3790"},{"taxonomy":"product_tag","embeddable":true,"href":"https:\/\/analuciabermudez.com\/colombia\/wp-json\/wp\/v2\/product_tag?post=3790"}],"curies":[{"name":"wp","href":"https:\/\/api.w.org\/{rel}","templated":true}]}}