{"id":3794,"date":"2023-06-26T00:47:55","date_gmt":"2023-06-26T00:47:55","guid":{"rendered":"https:\/\/analuciabermudez.com\/colombia\/?post_type=product&#038;p=3794"},"modified":"2024-12-04T00:41:17","modified_gmt":"2024-12-04T00:41:17","slug":"denim-alb-trench-coat","status":"publish","type":"product","link":"https:\/\/analuciabermudez.com\/colombia\/product\/denim-alb-trench-coat\/","title":{"rendered":"DENIM ALB TRENCH COAT"},"content":{"rendered":"<p>\u00abGracias por elegirnos. Nuestros productos son creados con amor y dedicaci\u00f3n. Debido a nuestra producci\u00f3n bajo demanda, el tiempo de entrega es de 10-12 d\u00edas h\u00e1biles. Tu paciencia es apreciada.\u00bb<\/p>\n","protected":false},"excerpt":{"rendered":"<p>Gabardina vaquera con solapa y cinturon ajustable, bolsillos laterales, confeccionada con denim no elastico y mandas largas.<\/p>\n<p>Tama\u00f1o y ajuste:<\/p>\n<p>Dise\u00f1ado para un ajuste relajado, ofreciendo un estilo c\u00f3modo y relajado. Se ajusta a la talla real, por lo que recomendamos usar tu talla habitual. Como referencia, consulte nuestra tabla de tallas.<\/p>\n<p>ALB<\/p>\n<p>COMPOSICI\u00d3N 100% Algodon<\/p>\n<p>COLECCI\u00d3N COLOR THERAPY<\/p>\n<p>Si tienes dudas con tu talla o quieres hacer la prenda a tu medida puedes escribirnos por Whatsapp al +573113767334<\/p>\n<p>\u00abGracias por elegirnos. Nuestros productos son creados con amor y dedicaci\u00f3n. Debido a nuestra producci\u00f3n bajo demanda, el tiempo de entrega es de 10-12 d\u00edas h\u00e1biles. Tu paciencia es apreciada.\u00bb<\/p>\n","protected":false},"featured_media":3681,"comment_status":"open","ping_status":"closed","template":"","meta":[],"product_cat":[21,25,41,17,62,19],"product_tag":[],"class_list":{"0":"post-3794","1":"product","2":"type-product","3":"status-publish","4":"has-post-thumbnail","6":"product_cat-ana-lucia-bermudez","7":"product_cat-chaquetas","8":"product_cat-denim","9":"product_cat-prendas","10":"product_cat-trench-coats","11":"product_cat-vestidos","13":"first","14":"instock","15":"shipping-taxable","16":"purchasable","17":"product-type-variable"},"_links":{"self":[{"href":"https:\/\/analuciabermudez.com\/colombia\/wp-json\/wp\/v2\/product\/3794"}],"collection":[{"href":"https:\/\/analuciabermudez.com\/colombia\/wp-json\/wp\/v2\/product"}],"about":[{"href":"https:\/\/analuciabermudez.com\/colombia\/wp-json\/wp\/v2\/types\/product"}],"replies":[{"embeddable":true,"href":"https:\/\/analuciabermudez.com\/colombia\/wp-json\/wp\/v2\/comments?post=3794"}],"wp:featuredmedia":[{"embeddable":true,"href":"https:\/\/analuciabermudez.com\/colombia\/wp-json\/wp\/v2\/media\/3681"}],"wp:attachment":[{"href":"https:\/\/analuciabermudez.com\/colombia\/wp-json\/wp\/v2\/media?parent=3794"}],"wp:term":[{"taxonomy":"product_cat","embeddable":true,"href":"https:\/\/analuciabermudez.com\/colombia\/wp-json\/wp\/v2\/product_cat?post=3794"},{"taxonomy":"product_tag","embeddable":true,"href":"https:\/\/analuciabermudez.com\/colombia\/wp-json\/wp\/v2\/product_tag?post=3794"}],"curies":[{"name":"wp","href":"https:\/\/api.w.org\/{rel}","templated":true}]}}