{"id":3849,"date":"2023-06-27T14:06:13","date_gmt":"2023-06-27T14:06:13","guid":{"rendered":"https:\/\/analuciabermudez.com\/colombia\/?post_type=product&#038;p=3849"},"modified":"2024-12-04T00:41:17","modified_gmt":"2024-12-04T00:41:17","slug":"yinyang-blazer","status":"publish","type":"product","link":"https:\/\/analuciabermudez.com\/colombia\/product\/yinyang-blazer\/","title":{"rendered":"YINYANG BLAZER"},"content":{"rendered":"<p>Tiempo de entrega de 5 a 8 d\u00edas h\u00e1biles<\/p>\n","protected":false},"excerpt":{"rendered":"<p>Elegante y vers\u00e1til, este blazer es una pieza \u00fanica que se adapta a cualquier ocasi\u00f3n, con print de yinyang con los delfines rosados del Amazonas ilustrados, perfecta para combinar con otras piezas de la coleccion.<\/p>\n<p>Tama\u00f1o y ajuste:<\/p>\n<p>Dise\u00f1ado para un ajuste relajado, ofreciendo un estilo c\u00f3modo y relajado. Se ajusta a la talla real, por lo que recomendamos usar tu talla habitual. Como referencia, consulte nuestra tabla de tallas.<\/p>\n<p>ALB<\/p>\n<p>COMPOSICI\u00d3N \u00a0100% POLIESTER<\/p>\n<p>COLECCI\u00d3N COLOR THERAPY<\/p>\n<p>Totalmente forrado<\/p>\n<p>Si tienes dudas con tu talla o quieres hacer la prenda a tu medida puedes escribirnos por Whatsapp al +573113767334<\/p>\n<p>Tiempo de entrega de 5 a 8 d\u00edas h\u00e1biles<\/p>\n","protected":false},"featured_media":3722,"comment_status":"open","ping_status":"closed","template":"","meta":[],"product_cat":[21,67,25,17],"product_tag":[],"class_list":{"0":"post-3849","1":"product","2":"type-product","3":"status-publish","4":"has-post-thumbnail","6":"product_cat-ana-lucia-bermudez","7":"product_cat-blazers","8":"product_cat-chaquetas","9":"product_cat-prendas","11":"first","12":"instock","13":"shipping-taxable","14":"purchasable","15":"product-type-variable"},"_links":{"self":[{"href":"https:\/\/analuciabermudez.com\/colombia\/wp-json\/wp\/v2\/product\/3849"}],"collection":[{"href":"https:\/\/analuciabermudez.com\/colombia\/wp-json\/wp\/v2\/product"}],"about":[{"href":"https:\/\/analuciabermudez.com\/colombia\/wp-json\/wp\/v2\/types\/product"}],"replies":[{"embeddable":true,"href":"https:\/\/analuciabermudez.com\/colombia\/wp-json\/wp\/v2\/comments?post=3849"}],"wp:featuredmedia":[{"embeddable":true,"href":"https:\/\/analuciabermudez.com\/colombia\/wp-json\/wp\/v2\/media\/3722"}],"wp:attachment":[{"href":"https:\/\/analuciabermudez.com\/colombia\/wp-json\/wp\/v2\/media?parent=3849"}],"wp:term":[{"taxonomy":"product_cat","embeddable":true,"href":"https:\/\/analuciabermudez.com\/colombia\/wp-json\/wp\/v2\/product_cat?post=3849"},{"taxonomy":"product_tag","embeddable":true,"href":"https:\/\/analuciabermudez.com\/colombia\/wp-json\/wp\/v2\/product_tag?post=3849"}],"curies":[{"name":"wp","href":"https:\/\/api.w.org\/{rel}","templated":true}]}}