{"id":4365,"date":"2024-02-10T02:43:53","date_gmt":"2024-02-10T02:43:53","guid":{"rendered":"https:\/\/analuciabermudez.com\/colombia\/?post_type=product&#038;p=4365"},"modified":"2024-12-04T00:41:07","modified_gmt":"2024-12-04T00:41:07","slug":"fundas-para-portatiles","status":"publish","type":"product","link":"https:\/\/analuciabermudez.com\/colombia\/product\/fundas-para-portatiles\/","title":{"rendered":"FUNDAS PARA PORTATILES"},"content":{"rendered":"","protected":false},"excerpt":{"rendered":"<p>Esta funda para port\u00e1til esta dise\u00f1ada con uno de nuestros prints mas emblem\u00e1ticos de ALB Pink River Collection, esta dise\u00f1ado para port\u00e1tiles de 13&#8242; (pulgadas) con un Ancho de 24cm y un Largo de 32cm.<\/p>\n<p>Hecho en Colombia<\/p>\n<p>Materiales 100% Poli\u00e9ster<\/p>\n","protected":false},"featured_media":4369,"comment_status":"open","ping_status":"closed","template":"","meta":[],"product_cat":[30,21,84,85],"product_tag":[],"class_list":{"0":"post-4365","1":"product","2":"type-product","3":"status-publish","4":"has-post-thumbnail","6":"product_cat-accesorios","7":"product_cat-ana-lucia-bermudez","8":"product_cat-funda-para-portatil","9":"product_cat-funda-para-portatil-2","11":"first","12":"instock","13":"shipping-taxable","14":"purchasable","15":"product-type-simple"},"_links":{"self":[{"href":"https:\/\/analuciabermudez.com\/colombia\/wp-json\/wp\/v2\/product\/4365"}],"collection":[{"href":"https:\/\/analuciabermudez.com\/colombia\/wp-json\/wp\/v2\/product"}],"about":[{"href":"https:\/\/analuciabermudez.com\/colombia\/wp-json\/wp\/v2\/types\/product"}],"replies":[{"embeddable":true,"href":"https:\/\/analuciabermudez.com\/colombia\/wp-json\/wp\/v2\/comments?post=4365"}],"wp:featuredmedia":[{"embeddable":true,"href":"https:\/\/analuciabermudez.com\/colombia\/wp-json\/wp\/v2\/media\/4369"}],"wp:attachment":[{"href":"https:\/\/analuciabermudez.com\/colombia\/wp-json\/wp\/v2\/media?parent=4365"}],"wp:term":[{"taxonomy":"product_cat","embeddable":true,"href":"https:\/\/analuciabermudez.com\/colombia\/wp-json\/wp\/v2\/product_cat?post=4365"},{"taxonomy":"product_tag","embeddable":true,"href":"https:\/\/analuciabermudez.com\/colombia\/wp-json\/wp\/v2\/product_tag?post=4365"}],"curies":[{"name":"wp","href":"https:\/\/api.w.org\/{rel}","templated":true}]}}