{"id":4539,"date":"2024-11-19T15:31:46","date_gmt":"2024-11-19T15:31:46","guid":{"rendered":"https:\/\/analuciabermudez.com\/colombia\/?post_type=product&#038;p=4539"},"modified":"2024-11-19T16:24:06","modified_gmt":"2024-11-19T16:24:06","slug":"t-shirt-yin-yang-withe","status":"publish","type":"product","link":"https:\/\/analuciabermudez.com\/colombia\/product\/t-shirt-yin-yang-withe\/","title":{"rendered":"T-SHIRT YIN YANG WITHE"},"content":{"rendered":"<p>\u00abGracias por elegirnos. Nuestros productos son creados con amor y dedicaci\u00f3n. Debido a nuestra producci\u00f3n bajo demanda, el tiempo de entrega es de 10-15 d\u00edas h\u00e1biles. Tu paciencia es apreciada.\u00bb<\/p>\n","protected":false},"excerpt":{"rendered":"<p>Eleva tu estilo cotidiano con esta camiseta. Confeccionado algodon , ofrece un toque atractivo a tu atuendo informal. Combina perfectamente con faldas de la colecci\u00f3n, creando un look relajado pero refinado que encarna la esencia de la visi\u00f3n de ALB.<\/p>\n<p>Tama\u00f1o y ajuste:<\/p>\n<p>Dise\u00f1ado para un ajuste relajado, ofreciendo un estilo c\u00f3modo y relajado. Consulte nuestra tabla de tallas como referencia.<\/p>\n<p>ALB<\/p>\n<p>Sportswear<\/p>\n<p>COMPOSICI\u00d3N\u00a099%Algod\u00f3n 1%Spandex<\/p>\n<p>COLECCI\u00d3N COLOR THERAPY<\/p>\n<p>Si tienes dudas con tu talla o quieres hacer la prenda a tu medida puedes escribirnos por Whatsapp al +573113767334<\/p>\n<p>\u00abGracias por elegirnos. Nuestros productos son creados con amor y dedicaci\u00f3n. Debido a nuestra producci\u00f3n bajo demanda, el tiempo de entrega es de 10-15 d\u00edas h\u00e1biles. Tu paciencia es apreciada.\u00bb<\/p>\n","protected":false},"featured_media":4532,"comment_status":"open","ping_status":"closed","template":"","meta":[],"product_cat":[21,53,17,55],"product_tag":[],"class_list":{"0":"post-4539","1":"product","2":"type-product","3":"status-publish","4":"has-post-thumbnail","6":"product_cat-ana-lucia-bermudez","7":"product_cat-camisetas","8":"product_cat-prendas","9":"product_cat-sportswear","11":"first","12":"instock","13":"shipping-taxable","14":"purchasable","15":"product-type-variable"},"_links":{"self":[{"href":"https:\/\/analuciabermudez.com\/colombia\/wp-json\/wp\/v2\/product\/4539"}],"collection":[{"href":"https:\/\/analuciabermudez.com\/colombia\/wp-json\/wp\/v2\/product"}],"about":[{"href":"https:\/\/analuciabermudez.com\/colombia\/wp-json\/wp\/v2\/types\/product"}],"replies":[{"embeddable":true,"href":"https:\/\/analuciabermudez.com\/colombia\/wp-json\/wp\/v2\/comments?post=4539"}],"wp:featuredmedia":[{"embeddable":true,"href":"https:\/\/analuciabermudez.com\/colombia\/wp-json\/wp\/v2\/media\/4532"}],"wp:attachment":[{"href":"https:\/\/analuciabermudez.com\/colombia\/wp-json\/wp\/v2\/media?parent=4539"}],"wp:term":[{"taxonomy":"product_cat","embeddable":true,"href":"https:\/\/analuciabermudez.com\/colombia\/wp-json\/wp\/v2\/product_cat?post=4539"},{"taxonomy":"product_tag","embeddable":true,"href":"https:\/\/analuciabermudez.com\/colombia\/wp-json\/wp\/v2\/product_tag?post=4539"}],"curies":[{"name":"wp","href":"https:\/\/api.w.org\/{rel}","templated":true}]}}