{"id":533,"date":"2020-07-21T00:13:52","date_gmt":"2020-07-21T00:13:52","guid":{"rendered":"http:\/\/armoniemall.com\/?post_type=product&#038;p=533"},"modified":"2024-02-15T20:27:10","modified_gmt":"2024-02-15T20:27:10","slug":"rio-shirt","status":"publish","type":"product","link":"https:\/\/analuciabermudez.com\/colombia\/product\/rio-shirt\/","title":{"rendered":"RIO SHIRT"},"content":{"rendered":"<p>Cierre de botones en la parte delantera<\/p>\n<p>Dos bolsillos delanteros<\/p>\n<p>Silueta holgada<\/p>\n","protected":false},"excerpt":{"rendered":"<p>Composici\u00f3n: 98.08 % Algod\u00f3n 1.92% Elast\u00f3mero<\/p>\n<p>Composici\u00f3n tela 2: 100% Poli\u00e9ster<\/p>\n<p>Fecha de entrega en 20 d\u00edas<\/p>\n<p>Si tienes dudas con tu talla puedes escribirnos por Whatsapp al +573113767334<\/p>\n","protected":false},"featured_media":538,"comment_status":"open","ping_status":"closed","template":"","meta":[],"product_cat":[21,59,27,17],"product_tag":[],"class_list":{"0":"post-533","1":"product","2":"type-product","3":"status-publish","4":"has-post-thumbnail","6":"product_cat-ana-lucia-bermudez","7":"product_cat-blusas","8":"product_cat-camisas","9":"product_cat-prendas","11":"first","12":"instock","13":"shipping-taxable","14":"purchasable","15":"product-type-variable"},"_links":{"self":[{"href":"https:\/\/analuciabermudez.com\/colombia\/wp-json\/wp\/v2\/product\/533"}],"collection":[{"href":"https:\/\/analuciabermudez.com\/colombia\/wp-json\/wp\/v2\/product"}],"about":[{"href":"https:\/\/analuciabermudez.com\/colombia\/wp-json\/wp\/v2\/types\/product"}],"replies":[{"embeddable":true,"href":"https:\/\/analuciabermudez.com\/colombia\/wp-json\/wp\/v2\/comments?post=533"}],"wp:featuredmedia":[{"embeddable":true,"href":"https:\/\/analuciabermudez.com\/colombia\/wp-json\/wp\/v2\/media\/538"}],"wp:attachment":[{"href":"https:\/\/analuciabermudez.com\/colombia\/wp-json\/wp\/v2\/media?parent=533"}],"wp:term":[{"taxonomy":"product_cat","embeddable":true,"href":"https:\/\/analuciabermudez.com\/colombia\/wp-json\/wp\/v2\/product_cat?post=533"},{"taxonomy":"product_tag","embeddable":true,"href":"https:\/\/analuciabermudez.com\/colombia\/wp-json\/wp\/v2\/product_tag?post=533"}],"curies":[{"name":"wp","href":"https:\/\/api.w.org\/{rel}","templated":true}]}}